{"id":815,"date":"2025-04-14T12:17:34","date_gmt":"2025-04-14T12:17:34","guid":{"rendered":"https:\/\/oddnygard.no\/wp\/home\/"},"modified":"2025-04-21T21:37:18","modified_gmt":"2025-04-21T21:37:18","slug":"home","status":"publish","type":"page","link":"https:\/\/oddnygard.no\/wp\/","title":{"rendered":"Home"},"content":{"rendered":"\t\t<div data-elementor-type=\"wp-page\" data-elementor-id=\"815\" class=\"elementor elementor-815\" data-elementor-post-type=\"page\">\n\t\t\t\t<div class=\"elementor-element elementor-element-c4ea9f1 e-flex e-con-boxed e-con e-parent\" data-id=\"c4ea9f1\" data-element_type=\"container\" data-e-type=\"container\" data-settings=\"{&quot;background_background&quot;:&quot;classic&quot;}\">\n\t\t\t\t\t<div class=\"e-con-inner\">\n\t\t<div class=\"elementor-element elementor-element-03f510f e-con-full e-flex e-con e-child\" data-id=\"03f510f\" data-element_type=\"container\" data-e-type=\"container\">\n\t\t\t\t<div class=\"elementor-element elementor-element-5a88d73 elementor-widget elementor-widget-heading\" data-id=\"5a88d73\" data-element_type=\"widget\" data-e-type=\"widget\" data-widget_type=\"heading.default\">\n\t\t\t\t<div class=\"elementor-widget-container\">\n\t\t\t\t\t<h6 class=\"elementor-heading-title elementor-size-default\">Ny utgivelse<\/h6>\t\t\t\t<\/div>\n\t\t\t\t<\/div>\n\t\t\t\t<div class=\"elementor-element elementor-element-c3690d3 elementor-widget elementor-widget-heading\" data-id=\"c3690d3\" data-element_type=\"widget\" data-e-type=\"widget\" data-widget_type=\"heading.default\">\n\t\t\t\t<div class=\"elementor-widget-container\">\n\t\t\t\t\t<h1 class=\"elementor-heading-title elementor-size-default\">LANGT                                                                                \n\n\n\nder NEDE<\/h1>\t\t\t\t<\/div>\n\t\t\t\t<\/div>\n\t\t\t\t<div class=\"elementor-element elementor-element-4a5b99a elementor-widget elementor-widget-text-editor\" data-id=\"4a5b99a\" data-element_type=\"widget\" data-e-type=\"widget\" data-widget_type=\"text-editor.default\">\n\t\t\t\t<div class=\"elementor-widget-container\">\n\t\t\t\t\t\t\t\t\t<p>Ein medrivande oppvekstroman fr\u00e5 industribygda \u00c5rdal, innerst i Sognefjorden, p\u00e5 slutten av 1960-talet. Samfunnet<br \/>og familieforholda er i forandring og skapar nye og ukjende utfordringar. Industrien, naturen og musikken blir vevd<br \/>saman til ei tidsskildring som gjer historia autentisk og gjenkjennande. Hovudpersonen Vidar og venene hans fyller<br \/>lesaren med humor, varme, kj\u00e6rleik, sorg og lengsel. Musikken spelar ei sentral rolle i boka, b\u00e5de som drivkraft i<br \/>handlinga og som tidsskildring.<\/p><p><br \/>Balansekunstnaren Tell Teigen fr\u00e5 H\u00f8yanger, som ogs\u00e5 budde i \u00c5rdal, tilf\u00f8rer boka eit historisk, dokumentarisk<br \/>tilleggs-perspektiv. Boktittelen \u00abLangt der nede\u00bb er derfor eit bilde p\u00e5 denne v\u00e5ghalsen, samtidig som lesaren har<br \/>ei medrivande kjensle av dei h\u00f8ge og bratte fjella, som omkransar denne bygda innerst inne i Sognefjorden, langt<br \/>der nede.<\/p>\t\t\t\t\t\t\t\t<\/div>\n\t\t\t\t<\/div>\n\t\t<div class=\"elementor-element elementor-element-95cecc3 e-con-full e-flex e-con e-child\" data-id=\"95cecc3\" data-element_type=\"container\" data-e-type=\"container\">\n\t\t<div class=\"elementor-element elementor-element-ac72ace e-con-full e-flex e-con e-child\" data-id=\"ac72ace\" data-element_type=\"container\" data-e-type=\"container\">\n\t\t\t\t<div class=\"elementor-element elementor-element-db0469c elementor-mobile-align-center elementor-widget-mobile__width-initial elementor-widget elementor-widget-button\" data-id=\"db0469c\" data-element_type=\"widget\" data-e-type=\"widget\" data-widget_type=\"button.default\">\n\t\t\t\t<div class=\"elementor-widget-container\">\n\t\t\t\t\t\t\t\t\t<div class=\"elementor-button-wrapper\">\n\t\t\t\t\t<a class=\"elementor-button elementor-button-link elementor-size-sm\" href=\"https:\/\/www.forlagshusetpublica.no\/no\/shop\/langt-der-nede-2610\" target=\"_blank\">\n\t\t\t\t\t\t<span class=\"elementor-button-content-wrapper\">\n\t\t\t\t\t\t\t\t\t<span class=\"elementor-button-text\">Bestill<\/span>\n\t\t\t\t\t<\/span>\n\t\t\t\t\t<\/a>\n\t\t\t\t<\/div>\n\t\t\t\t\t\t\t\t<\/div>\n\t\t\t\t<\/div>\n\t\t\t\t<div class=\"elementor-element elementor-element-e43995b elementor-mobile-align-center elementor-widget elementor-widget-button\" data-id=\"e43995b\" data-element_type=\"widget\" data-e-type=\"widget\" data-widget_type=\"button.default\">\n\t\t\t\t<div class=\"elementor-widget-container\">\n\t\t\t\t\t\t\t\t\t<div class=\"elementor-button-wrapper\">\n\t\t\t\t\t<a class=\"elementor-button elementor-button-link elementor-size-sm\" href=\"#\">\n\t\t\t\t\t\t<span class=\"elementor-button-content-wrapper\">\n\t\t\t\t\t\t\t\t\t<span class=\"elementor-button-text\">Les et utdrag<\/span>\n\t\t\t\t\t<\/span>\n\t\t\t\t\t<\/a>\n\t\t\t\t<\/div>\n\t\t\t\t\t\t\t\t<\/div>\n\t\t\t\t<\/div>\n\t\t\t\t<\/div>\n\t\t\t\t<\/div>\n\t\t\t\t<\/div>\n\t\t<div class=\"elementor-element elementor-element-d9a8d1b e-con-full e-flex e-con e-child\" data-id=\"d9a8d1b\" data-element_type=\"container\" data-e-type=\"container\">\n\t\t\t\t<div class=\"elementor-element elementor-element-d81619c elementor-widget elementor-widget-image\" data-id=\"d81619c\" data-element_type=\"widget\" data-e-type=\"widget\" data-widget_type=\"image.default\">\n\t\t\t\t<div class=\"elementor-widget-container\">\n\t\t\t\t\t\t\t\t\t\t\t\t\t\t\t<img fetchpriority=\"high\" decoding=\"async\" width=\"1576\" height=\"2410\" src=\"https:\/\/oddnygard.no\/wp\/wp-content\/uploads\/2025\/04\/langtdernede-2.jpg\" class=\"attachment-full size-full wp-image-1031\" alt=\"\" srcset=\"https:\/\/oddnygard.no\/wp\/wp-content\/uploads\/2025\/04\/langtdernede-2.jpg 1576w, https:\/\/oddnygard.no\/wp\/wp-content\/uploads\/2025\/04\/langtdernede-2-600x918.jpg 600w, https:\/\/oddnygard.no\/wp\/wp-content\/uploads\/2025\/04\/langtdernede-2-196x300.jpg 196w, https:\/\/oddnygard.no\/wp\/wp-content\/uploads\/2025\/04\/langtdernede-2-670x1024.jpg 670w, https:\/\/oddnygard.no\/wp\/wp-content\/uploads\/2025\/04\/langtdernede-2-768x1174.jpg 768w, https:\/\/oddnygard.no\/wp\/wp-content\/uploads\/2025\/04\/langtdernede-2-1004x1536.jpg 1004w, https:\/\/oddnygard.no\/wp\/wp-content\/uploads\/2025\/04\/langtdernede-2-1339x2048.jpg 1339w\" sizes=\"(max-width: 1576px) 100vw, 1576px\" \/>\t\t\t\t\t\t\t\t\t\t\t\t\t\t\t<\/div>\n\t\t\t\t<\/div>\n\t\t\t\t<\/div>\n\t\t\t\t\t<\/div>\n\t\t\t\t<\/div>\n\t\t<div class=\"elementor-element elementor-element-88e01d7 e-flex e-con-boxed e-con e-parent\" data-id=\"88e01d7\" data-element_type=\"container\" data-e-type=\"container\" data-settings=\"{&quot;background_background&quot;:&quot;classic&quot;}\">\n\t\t\t\t\t<div class=\"e-con-inner\">\n\t\t<div class=\"elementor-element elementor-element-50f12de e-con-full e-flex e-con e-child\" data-id=\"50f12de\" data-element_type=\"container\" data-e-type=\"container\">\n\t\t<div class=\"elementor-element elementor-element-81971df e-con-full e-flex e-con e-child\" data-id=\"81971df\" data-element_type=\"container\" data-e-type=\"container\">\n\t\t\t\t<div class=\"elementor-element elementor-element-34e637c elementor-widget elementor-widget-image\" data-id=\"34e637c\" data-element_type=\"widget\" data-e-type=\"widget\" data-widget_type=\"image.default\">\n\t\t\t\t<div class=\"elementor-widget-container\">\n\t\t\t\t\t\t\t\t\t\t\t\t\t\t\t<img decoding=\"async\" width=\"768\" height=\"949\" src=\"https:\/\/oddnygard.no\/wp\/wp-content\/uploads\/2025\/04\/odd.png\" class=\"attachment-full size-full wp-image-1043\" alt=\"\" srcset=\"https:\/\/oddnygard.no\/wp\/wp-content\/uploads\/2025\/04\/odd.png 768w, https:\/\/oddnygard.no\/wp\/wp-content\/uploads\/2025\/04\/odd-600x741.png 600w, https:\/\/oddnygard.no\/wp\/wp-content\/uploads\/2025\/04\/odd-243x300.png 243w\" sizes=\"(max-width: 768px) 100vw, 768px\" \/>\t\t\t\t\t\t\t\t\t\t\t\t\t\t\t<\/div>\n\t\t\t\t<\/div>\n\t\t\t\t<\/div>\n\t\t<div class=\"elementor-element elementor-element-8d79ce7 e-con-full e-flex e-con e-child\" data-id=\"8d79ce7\" data-element_type=\"container\" data-e-type=\"container\">\n\t\t\t\t<div class=\"elementor-element elementor-element-de9618c elementor-widget elementor-widget-heading\" data-id=\"de9618c\" data-element_type=\"widget\" data-e-type=\"widget\" data-widget_type=\"heading.default\">\n\t\t\t\t<div class=\"elementor-widget-container\">\n\t\t\t\t\t<h6 class=\"elementor-heading-title elementor-size-default\">Biografi<\/h6>\t\t\t\t<\/div>\n\t\t\t\t<\/div>\n\t\t\t\t<div class=\"elementor-element elementor-element-1ad8a09 elementor-widget elementor-widget-heading\" data-id=\"1ad8a09\" data-element_type=\"widget\" data-e-type=\"widget\" data-widget_type=\"heading.default\">\n\t\t\t\t<div class=\"elementor-widget-container\">\n\t\t\t\t\t<h2 class=\"elementor-heading-title elementor-size-default\">Odd Nyg\u00e5rd<\/h2>\t\t\t\t<\/div>\n\t\t\t\t<\/div>\n\t\t\t\t<div class=\"elementor-element elementor-element-7dbd737 elementor-widget elementor-widget-text-editor\" data-id=\"7dbd737\" data-element_type=\"widget\" data-e-type=\"widget\" data-widget_type=\"text-editor.default\">\n\t\t\t\t<div class=\"elementor-widget-container\">\n\t\t\t\t\t\t\t\t\t<p>Odd Nyg\u00e5rd (f. 1953) er fr\u00e5 industribygda \u00c5rdal i Sogn. Han har arbeidd som l\u00e6rar i Nord-Noreg og p\u00e5 Austlandet, og var aktiv i musikkmilj\u00f8et i Troms\u00f8 og Harstad (1970-80-\u00e5ra). No er han pensjonist, busett p\u00e5 Kolbotn. \u00abLangt der nede\u00bb er debutromanen hans.<\/p>\t\t\t\t\t\t\t\t<\/div>\n\t\t\t\t<\/div>\n\t\t\t\t<div class=\"elementor-element elementor-element-85b9abc elementor-mobile-align-left elementor-widget elementor-widget-button\" data-id=\"85b9abc\" data-element_type=\"widget\" data-e-type=\"widget\" data-widget_type=\"button.default\">\n\t\t\t\t<div class=\"elementor-widget-container\">\n\t\t\t\t\t\t\t\t\t<div class=\"elementor-button-wrapper\">\n\t\t\t\t\t<a class=\"elementor-button elementor-button-link elementor-size-sm\" href=\"https:\/\/oddnygard.no\/wp\/author\/admin\/\">\n\t\t\t\t\t\t<span class=\"elementor-button-content-wrapper\">\n\t\t\t\t\t\t\t\t\t<span class=\"elementor-button-text\">Les mer<\/span>\n\t\t\t\t\t<\/span>\n\t\t\t\t\t<\/a>\n\t\t\t\t<\/div>\n\t\t\t\t\t\t\t\t<\/div>\n\t\t\t\t<\/div>\n\t\t\t\t<\/div>\n\t\t\t\t<\/div>\n\t\t\t\t\t<\/div>\n\t\t\t\t<\/div>\n\t\t<div class=\"elementor-element elementor-element-8e704e2 e-flex e-con-boxed e-con e-parent\" data-id=\"8e704e2\" data-element_type=\"container\" data-e-type=\"container\" data-settings=\"{&quot;background_background&quot;:&quot;classic&quot;}\">\n\t\t\t\t\t<div class=\"e-con-inner\">\n\t\t<div class=\"elementor-element elementor-element-85346da e-con-full e-flex e-con e-child\" data-id=\"85346da\" data-element_type=\"container\" data-e-type=\"container\">\n\t\t\t\t<div class=\"elementor-element elementor-element-9c77052 elementor-widget elementor-widget-heading\" data-id=\"9c77052\" data-element_type=\"widget\" data-e-type=\"widget\" data-widget_type=\"heading.default\">\n\t\t\t\t<div class=\"elementor-widget-container\">\n\t\t\t\t\t<h2 class=\"elementor-heading-title elementor-size-default\">Bokens musikk<\/h2>\t\t\t\t<\/div>\n\t\t\t\t<\/div>\n\t\t\t\t<div class=\"elementor-element elementor-element-775c6ed elementor-widget elementor-widget-text-editor\" data-id=\"775c6ed\" data-element_type=\"widget\" data-e-type=\"widget\" data-widget_type=\"text-editor.default\">\n\t\t\t\t<div class=\"elementor-widget-container\">\n\t\t\t\t\t\t\t\t\t<p>Musikken var viktig for oss som vokste opp i \u00c5rdal p\u00e5 60tallet. Herunder finner du en liste over de ulike l\u00e5tene som det referes til i boken, samt et par av l\u00e5tene bokas band, Pyramid, lagde selv.<\/p>\t\t\t\t\t\t\t\t<\/div>\n\t\t\t\t<\/div>\n\t\t<div class=\"elementor-element elementor-element-ad152e4 e-con-full e-flex e-con e-child\" data-id=\"ad152e4\" data-element_type=\"container\" data-e-type=\"container\">\n\t\t\t\t<div class=\"elementor-element elementor-element-eece15d elementor-align-center elementor-widget elementor-widget-embedpres_elementor\" data-id=\"eece15d\" data-element_type=\"widget\" data-e-type=\"widget\" data-widget_type=\"embedpres_elementor.default\">\n\t\t\t\t<div class=\"elementor-widget-container\">\n\t\t\t\t\t\n\t\t<div class=\"embedpress-elements-wrapper \" id=\"ep-elements-id-eece15d\">\n\n\t\t\t\t\t\t\t<div id=\"ep-elementor-content-eece15d\" \n\t\t\t\t\tclass=\"ep-elementor-content \n\t\t\t\t\t \n\t\t\t\t\t  ep-content-protection-disabled \n\t\t\t\t\tsource-default\t\t\t\t\t\">\n\n\t\t\t\t\t<div id=\"eece15d\" \n\t\t\t\t\t\tclass=\"ep-embed-content-wrapper \n\t\t\t\t\t\t \n\t\t\t\t\t\t \n\t\t\t\t\t\tep-google-photos-\t\t\t\t\t\t\" \n\t\t\t\t\t\t\t\t\t\t\t\t\t\t\t\t\t\t\t\t\t\t\t\t>\n\n\t\t\t\t\t\t<div id=\"ep-elementor-content-eece15d\" \n\t\t\t\t\t\t\tclass=\"ep-elementor-content \n\t\t\t\t\t\t\t \n\t\t\t\t\t\t\t  ep-content-protection-disabled \n\t\t\t\t\t\t\tsource-default\">\n\n\t\t\t\t\t\t\t<div >\n\t\t\t\t\t\t\t\t<div id=\"eece15d\" \n\t\t\t\t\t\t\t\t\tclass=\"ep-embed-content-wraper \n\t\t\t\t\t\t\t\t\t\" \n\t\t\t\t\t\t\t\t\t \n\t\t\t\t\t\t\t\t\t>\n\n\t\t\t\t\t\t\t\t\t<div class=\"ose-spotify ose-uid-afa00b1575805301b85ad8317fd0fa7a ose-embedpress-responsive\" style=\"width:600px; height:600px; max-height:600px; max-width:100%; display:inline-block;\"><iframe allowFullScreen=\"true\" title=\"Spotify Embed: Langt der nede\" style=\"border-radius: 12px\" width=\"100%\" height=\"600\" frameborder=\"0\" allowfullscreen allow=\"encrypted-media;accelerometer;autoplay;clipboard-write;gyroscope;picture-in-picture clipboard-write; encrypted-media; fullscreen; picture-in-picture\" loading=\"lazy\" src=\"https:\/\/open.spotify.com\/embed\/playlist\/1Af1eSFy8T0OTNe9m7pGSg?si=kShlsq73RYaz6q_rzFu1XA&amp;utm_source=oembed\"><\/iframe><\/div>\t\t\t\t\t\t\t\t<\/div>\n\n\t\t\t\t\t\t\t\t\t\t\t\t\t\t\t<\/div>\n\t\t\t\t\t\t<\/div>\n\t\t\t\t\t<\/div>\n\t\t\t\t<\/div>\n\n\t\t\t\t\t\t\t\n\t\t<\/div>\n\n\n\t\t\n\t\t\t\t<\/div>\n\t\t\t\t<\/div>\n\t\t\t\t<\/div>\n\t\t\t\t<\/div>\n\t\t\t\t\t<\/div>\n\t\t\t\t<\/div>\n\t\t\t\t<\/div>\n\t\t","protected":false},"excerpt":{"rendered":"<p>Ny utgivelse LANGT der NEDE Ein medrivande oppvekstroman fr\u00e5 industribygda \u00c5rdal, innerst i Sognefjorden, p\u00e5 slutten av 1960-talet. Samfunnetog familieforholda er i forandring og skapar nye og ukjende utfordringar. Industrien, naturen og musikken blir vevdsaman til ei tidsskildring som gjer historia autentisk og gjenkjennande. Hovudpersonen Vidar og venene hans fyllerlesaren med humor, varme, kj\u00e6rleik, sorg [&hellip;]<\/p>\n","protected":false},"author":1,"featured_media":0,"parent":0,"menu_order":0,"comment_status":"closed","ping_status":"closed","template":"","meta":{"site-sidebar-layout":"no-sidebar","site-content-layout":"page-builder","ast-site-content-layout":"","site-content-style":"default","site-sidebar-style":"default","ast-global-header-display":"","ast-banner-title-visibility":"","ast-main-header-display":"","ast-hfb-above-header-display":"","ast-hfb-below-header-display":"","ast-hfb-mobile-header-display":"","site-post-title":"disabled","ast-breadcrumbs-content":"disabled","ast-featured-img":"disabled","footer-sml-layout":"","theme-transparent-header-meta":"enabled","adv-header-id-meta":"","stick-header-meta":"","header-above-stick-meta":"","header-main-stick-meta":"","header-below-stick-meta":"","astra-migrate-meta-layouts":"default","ast-page-background-enabled":"default","ast-page-background-meta":{"desktop":{"background-color":"","background-image":"","background-repeat":"repeat","background-position":"center center","background-size":"auto","background-attachment":"scroll","background-type":"","background-media":"","overlay-type":"","overlay-color":"","overlay-opacity":"","overlay-gradient":""},"tablet":{"background-color":"","background-image":"","background-repeat":"repeat","background-position":"center center","background-size":"auto","background-attachment":"scroll","background-type":"","background-media":"","overlay-type":"","overlay-color":"","overlay-opacity":"","overlay-gradient":""},"mobile":{"background-color":"","background-image":"","background-repeat":"repeat","background-position":"center center","background-size":"auto","background-attachment":"scroll","background-type":"","background-media":"","overlay-type":"","overlay-color":"","overlay-opacity":"","overlay-gradient":""}},"ast-content-background-meta":{"desktop":{"background-color":"var(--ast-global-color-5)","background-image":"","background-repeat":"repeat","background-position":"center center","background-size":"auto","background-attachment":"scroll","background-type":"","background-media":"","overlay-type":"","overlay-color":"","overlay-opacity":"","overlay-gradient":""},"tablet":{"background-color":"var(--ast-global-color-5)","background-image":"","background-repeat":"repeat","background-position":"center center","background-size":"auto","background-attachment":"scroll","background-type":"","background-media":"","overlay-type":"","overlay-color":"","overlay-opacity":"","overlay-gradient":""},"mobile":{"background-color":"var(--ast-global-color-5)","background-image":"","background-repeat":"repeat","background-position":"center center","background-size":"auto","background-attachment":"scroll","background-type":"","background-media":"","overlay-type":"","overlay-color":"","overlay-opacity":"","overlay-gradient":""}},"footnotes":""},"class_list":["post-815","page","type-page","status-publish","hentry"],"_links":{"self":[{"href":"https:\/\/oddnygard.no\/wp\/wp-json\/wp\/v2\/pages\/815","targetHints":{"allow":["GET"]}}],"collection":[{"href":"https:\/\/oddnygard.no\/wp\/wp-json\/wp\/v2\/pages"}],"about":[{"href":"https:\/\/oddnygard.no\/wp\/wp-json\/wp\/v2\/types\/page"}],"author":[{"embeddable":true,"href":"https:\/\/oddnygard.no\/wp\/wp-json\/wp\/v2\/users\/1"}],"replies":[{"embeddable":true,"href":"https:\/\/oddnygard.no\/wp\/wp-json\/wp\/v2\/comments?post=815"}],"version-history":[{"count":49,"href":"https:\/\/oddnygard.no\/wp\/wp-json\/wp\/v2\/pages\/815\/revisions"}],"predecessor-version":[{"id":1137,"href":"https:\/\/oddnygard.no\/wp\/wp-json\/wp\/v2\/pages\/815\/revisions\/1137"}],"wp:attachment":[{"href":"https:\/\/oddnygard.no\/wp\/wp-json\/wp\/v2\/media?parent=815"}],"curies":[{"name":"wp","href":"https:\/\/api.w.org\/{rel}","templated":true}]}}